{"id":101,"date":"2020-06-14T18:09:07","date_gmt":"2020-06-14T18:09:07","guid":{"rendered":"https:\/\/landholzproductions.com\/?page_id=101"},"modified":"2025-12-04T14:15:43","modified_gmt":"2025-12-04T14:15:43","slug":"landholz","status":"publish","type":"page","link":"https:\/\/landholzproductions.com\/index.php\/landholz\/","title":{"rendered":"Landholz"},"content":{"rendered":"<p>[et_pb_section fb_built=&#8220;1&#8243; fullwidth=&#8220;on&#8220; _builder_version=&#8220;4.16&#8243; collapsed=&#8220;off&#8220; global_colors_info=&#8220;{}&#8220;][et_pb_fullwidth_image src=&#8220;https:\/\/landholzproductions.com\/wp-content\/uploads\/2025\/02\/A7306953-klein.jpg&#8220; alt=&#8220;Landholz Productions Team&#8220; title_text=&#8220;A7306953-klein&#8220; _builder_version=&#8220;4.21.0&#8243; global_colors_info=&#8220;{}&#8220;][\/et_pb_fullwidth_image][\/et_pb_section][et_pb_section fb_built=&#8220;1&#8243; _builder_version=&#8220;4.16&#8243; background_enable_image=&#8220;off&#8220; global_colors_info=&#8220;{}&#8220;][et_pb_row column_structure=&#8220;3_4,1_4&#8243; _builder_version=&#8220;4.16&#8243; global_colors_info=&#8220;{}&#8220;][et_pb_column type=&#8220;3_4&#8243; _builder_version=&#8220;4.16&#8243; global_colors_info=&#8220;{}&#8220;][et_pb_text _builder_version=&#8220;4.21.0&#8243; global_colors_info=&#8220;{}&#8220;]<\/p>\n<p><strong>Wer sind Landh\u00f6lzer*innen?<br \/><\/strong>Landholz Productions ist ein in Basel basiertes Kollektiv, das 2018 gegr\u00fcndet wurde. Seit 2024 besteht es aus den K\u00fcnstler*innen Lia Sch\u00e4dler, Olivia Ronzani, Sebastian Gisi und Ivo Schneider. Seit 2023 begleitet sie Silvan Rechsteiner im Backoffice. Sie stehen f\u00fcr kollektive Arbeitsstrukturen sowie individuelle und gemeinschafltiche k\u00fcnstlerische Entwicklung ein. Sie kreieren im Bereich Theater, Tanz, Physical Theatre, Performance und bildende Kunst. Sie arbeiten zusammen, alleine, mit Freund*innen, helfen sich gegenseitig in Produktionsprozessen, unterst\u00fctzen sich emotional, tauschen sich \u00fcber lang geplante Projekte und spontane Experimente aus, kochen f\u00fcr einander w\u00e4hrend Endproben, und begleiten sich in k\u00fcnstlerischen Fragen. In ihren St\u00fccken besch\u00e4ftigen sie sich unter anderem mit \u00a0ihren Grossm\u00fcttern, Kolonialismus, schlaflosen N\u00e4chten, queeren Familientr\u00e4umen und demokratischen Grundprinzipien. Ihr Theater- und Tanzschaffen ist kritisch, autofiktional, humorvoll und kollektiv.<\/p>\n<p><span class=\"\"><b class=\"\"><br \/>Gr\u00fcndungsmythos<\/b><\/span><br \/><em>Angefangen hat alles 2018 mit einem Missvest\u00e4ndnis in den tessiner H\u00fcgeln: Der Jeremias hat sich dem Sebastian als Landold vorgestellt, Sebastian hat das als Landholz verstanden und sich heimlich ins F\u00fcstli gelacht. Missverst\u00e4ndnis aufgel\u00f6st, Jeremias weg und Theaterproduktions Verein Landholz wurde gegr\u00fcndet. Mit dabei: Sebastian Gisi, Vinzent Gisi, C\u00e9line Meyer und noch zwei, Johanna Maria Raimund und Benjamin Ryser, die sind aber seit 2021 schon wieder furt, weil sich die gemeinsame Vision im Wald verzweigt hat. 2020 kam Olivia Ronzani angeschneggelt, sie hat eine Weile als enpassant produziert, hat das bald sein gelassen und wurde offiziell eingeholzt.<span class=\"Apple-converted-space\"><br \/><\/span>Dann kam Johanna Heusser: hoppla, die brachte gleich einem Haufen angesammeltes Holz, eine Produktionmaschine schon mittendrin statt nur dabei. Das Zu-f\u00fcnft-Sein f\u00fchlte sich irgendwie unfertig an \u2013 Lia Sch\u00e4dler schwirrte sowieso schon um den Holzhaufen herum, zack hackte sie mit! Dann ging das ein paar J\u00e4hrli so, es wurde gewerkelt, gepr\u00f6belt, geschwitzt und gelacht. Bis zum grossen Erdrutsch anno 2023. R\u00e4d\u00e4b\u00e4ng. Da wollte Vinzent lieber nicht mehr so, er wollte neue B\u00e4ume pflanzen. Er gr\u00fcndete den Verein Neuland. C\u00e9line wollte kein Holz mehr hacken und Johanna bemerkte, dass sie doch gr\u00f6ssere Maschinen brauchte, um ihr Holz zu verarbeiten. Sie gr\u00fcndete ein eigenes Theater-Mach-Unternehmen: Give me hope. Aber \u00e4be, ein kleines administratives Chaos entstand im Wald. Landholz engagierte Walde Kultur (Kathrin Walde mit Silvan Rechsteiner im Backoffice) f\u00fcr die Wiederaufforstung. 2024: die B\u00e4umlein spriessen und Ivo Schneider \u2013 schnipp schnapp \u00c4stli ab \u2013 zog von Essen nach Basel und erg\u00e4nzte das Trio zu einem Quartett. Let\u2019s see what it\u2019s gonna be.\u00a0<\/em><\/p>\n<p>&nbsp;<\/p>\n<p>[\/et_pb_text][\/et_pb_column][et_pb_column type=&#8220;1_4&#8243; _builder_version=&#8220;4.16&#8243; global_colors_info=&#8220;{}&#8220;][et_pb_text _builder_version=&#8220;4.21.0&#8243; global_colors_info=&#8220;{}&#8220;]<\/p>\n<h4><strong>K\u00dcNSTLER*INNEN:<\/strong><\/h4>\n<h4><a href=\"https:\/\/landholzproductions.com\/index.php\/project\/lia-schaedler\/\">LIA SCH\u00c4DLER<\/a><\/h4>\n<h4><a href=\"https:\/\/landholzproductions.com\/index.php\/project\/olivia-ronzani-under-construction\/\">OLIVIA RONZANI<\/a><\/h4>\n<h4><a href=\"https:\/\/landholzproductions.com\/index.php\/project\/sebastian-gisi-under-construction\/\">SEBASTIAN GISI<\/a><\/h4>\n<h4><a href=\"https:\/\/landholzproductions.com\/index.php\/project\/ivo-schneider\/\">IVO SCHNEIDER<\/a><\/h4>\n<h4>\u00a0<\/h4>\n<h4><strong>BACKOFFICE:<\/strong><\/h4>\n<h4><a href=\"https:\/\/landholzproductions.com\/index.php\/project\/silvan-rechsteiner\/\">SILVAN RECHSTEINER<\/a><\/h4>\n<p>[\/et_pb_text][\/et_pb_column][\/et_pb_row][\/et_pb_section][et_pb_section fb_built=&#8220;1&#8243; _builder_version=&#8220;4.21.0&#8243; _module_preset=&#8220;default&#8220; global_colors_info=&#8220;{}&#8220;][et_pb_row _builder_version=&#8220;4.21.0&#8243; _module_preset=&#8220;default&#8220; global_colors_info=&#8220;{}&#8220;][et_pb_column type=&#8220;4_4&#8243; _builder_version=&#8220;4.21.0&#8243; _module_preset=&#8220;default&#8220; global_colors_info=&#8220;{}&#8220;][et_pb_gallery gallery_ids=&#8220;2022,2025,2035,2036&#8243; dbdb_version=&#8220;4.2.1&#8243; _builder_version=&#8220;4.21.0&#8243; _module_preset=&#8220;default&#8220; global_colors_info=&#8220;{}&#8220;][\/et_pb_gallery][et_pb_gallery gallery_ids=&#8220;2037,2038,2032,2033&#8243; dbdb_version=&#8220;4.2.1&#8243; _builder_version=&#8220;4.21.0&#8243; _module_preset=&#8220;default&#8220; global_colors_info=&#8220;{}&#8220;][\/et_pb_gallery][et_pb_text _builder_version=&#8220;4.21.0&#8243; _module_preset=&#8220;default&#8220; global_colors_info=&#8220;{}&#8220;]<\/p>\n<p style=\"text-align: right;\">Fotos \u00a9Linus Ehi 2025<\/p>\n<p>[\/et_pb_text][\/et_pb_column][\/et_pb_row][\/et_pb_section]<\/p>\n","protected":false},"excerpt":{"rendered":"<p>Wer sind Landh\u00f6lzer*innen?Landholz Productions ist ein in Basel basiertes Kollektiv, das 2018 gegr\u00fcndet wurde. Seit 2024 besteht es aus den K\u00fcnstler*innen Lia Sch\u00e4dler, Olivia Ronzani, Sebastian Gisi und Ivo Schneider. Seit 2023 begleitet sie Silvan Rechsteiner im Backoffice. Sie stehen f\u00fcr kollektive Arbeitsstrukturen sowie individuelle und gemeinschafltiche k\u00fcnstlerische Entwicklung ein. Sie kreieren im Bereich Theater, [&hellip;]<\/p>\n","protected":false},"author":1,"featured_media":106,"parent":0,"menu_order":0,"comment_status":"closed","ping_status":"closed","template":"","meta":{"_et_pb_use_builder":"on","_et_pb_old_content":"","_et_gb_content_width":"","footnotes":""},"class_list":["post-101","page","type-page","status-publish","has-post-thumbnail","hentry"],"_links":{"self":[{"href":"https:\/\/landholzproductions.com\/index.php\/wp-json\/wp\/v2\/pages\/101"}],"collection":[{"href":"https:\/\/landholzproductions.com\/index.php\/wp-json\/wp\/v2\/pages"}],"about":[{"href":"https:\/\/landholzproductions.com\/index.php\/wp-json\/wp\/v2\/types\/page"}],"author":[{"embeddable":true,"href":"https:\/\/landholzproductions.com\/index.php\/wp-json\/wp\/v2\/users\/1"}],"replies":[{"embeddable":true,"href":"https:\/\/landholzproductions.com\/index.php\/wp-json\/wp\/v2\/comments?post=101"}],"version-history":[{"count":74,"href":"https:\/\/landholzproductions.com\/index.php\/wp-json\/wp\/v2\/pages\/101\/revisions"}],"predecessor-version":[{"id":2212,"href":"https:\/\/landholzproductions.com\/index.php\/wp-json\/wp\/v2\/pages\/101\/revisions\/2212"}],"wp:featuredmedia":[{"embeddable":true,"href":"https:\/\/landholzproductions.com\/index.php\/wp-json\/wp\/v2\/media\/106"}],"wp:attachment":[{"href":"https:\/\/landholzproductions.com\/index.php\/wp-json\/wp\/v2\/media?parent=101"}],"curies":[{"name":"wp","href":"https:\/\/api.w.org\/{rel}","templated":true}]}}